{"id":1339,"date":"2017-10-16T13:54:07","date_gmt":"2017-10-16T13:54:07","guid":{"rendered":"http:\/\/ninzio.com\/bauer\/?page_id=1339"},"modified":"2022-12-02T12:18:08","modified_gmt":"2022-12-02T09:18:08","slug":"nous-contacter","status":"publish","type":"page","link":"https:\/\/soka.design\/tr\/nous-contacter\/","title":{"rendered":"\u0130leti\u015fim"},"content":{"rendered":"<section class=\"wpb-content-wrapper\"><div class=\"vc-custom-col-spacing clearfix vc-col-spacing-30\"><section class=\"wpb_row vc_row-fluid vc_custom_1669971882063 vc_row-has-fill row-content-position-Default\"><div class=\"bauer-container\"><div class=\"row-inner clearfix\"><div class=\"wpb_column vc_column_container vc_col-sm-12\"><div class=\"vc_column-inner\"><div class=\"wpb_wrapper\">\r\n\t<div class=\"bauer-spacer clearfix\" data-desktop=\"100\" data-mobi=\"60\" data-smobi=\"60\"><\/div><div class=\"bauer-content-box clearfix\" ><div class=\"vc-custom-col-inner-spacing clearfix vc-col-inner-spacing-100\"><div class=\"wpb_row vc_inner vc_row-fluid\"><div class=\"wpb_column vc_column_container vc_col-sm-6\"><div class=\"vc_column-inner\"><div class=\"wpb_wrapper\"><div class=\"bauer-content-box clearfix\" data-padding=\"47px 50px 94px 50px\" data-mobipadding=\"40px\" data-margin=\"\" data-mobimargin=\"\" >\r\n\t\t<div class=\"inner ctb-968843721\" style=\"\"  data-background=\"#002746\" data-rounded=\"5px\" data-border-color=\"rgba(231,231,231,0.3)\" data-border-width=\"1px\">\r\n\t\t\t<h2 class=\"bauer-text clearfix\" style=\"font-size:42px;color:#f2f2f2;margin-bottom:8px;\"><p><span class=\"font-weight-300\">\u0130leti\u015fim<\/span> Bilgilerimiz<\/p>\n<\/h2><div class=\"bauer-grid-box clearfix grid2 border-light v-30 h-25 no-borders\" data-grid=\"2\" >\r\n\t\t<div class=\"bauer-text clearfix\" style=\"color:#f2f2f2;\"><p><span class=\"font-weight-500 text-white\">Fransa<\/span><br \/>\n<span style=\"color: #8a99c0;\">Adres<\/span><br \/>\n<span class=\"fas fa-map-marker-alt text-accent-color\" style=\"padding-right: 3px;\"><\/span> <span class=\"text-accent-color font-weight-600\"><a href=\"#\" class=\"hover-white\">Konum<\/a><\/span><\/p>\n<\/div><div class=\"bauer-text clearfix\" style=\"color:#f2f2f2;\"><p><span class=\"font-weight-500 text-white\">T\u00fcrkiye<\/span><br \/>\n<span style=\"color: #8a99c0;\">Adres<\/span><br \/>\n<span class=\"fas fa-map-marker-alt text-accent-color\" style=\"padding-right: 3px;\"><\/span> <span class=\"text-accent-color font-weight-600\"><a href=\"#\" class=\"hover-white\">Konum<\/a><\/span><\/p>\n<\/div><div class=\"bauer-text clearfix\" style=\"color:#f2f2f2;\"><p><span class=\"font-weight-500 text-white\">Telefon<\/span><br \/>\n<span class=\"fas fa-phone\" style=\"padding-right: 5px; color: #8a99c0;\"><\/span> <span class=\"font-weight-600\" style=\"color: #8a99c0;\">+33 000-000-000<\/span><\/p>\n<\/div><div class=\"bauer-text clearfix\" style=\"color:#f2f2f2;\"><p><span class=\"font-weight-500 text-white\">Telefon<\/span><br \/>\n<span class=\"fas fa-phone\" style=\"padding-right: 5px; color: #8a99c0;\"><\/span> <span class=\"font-weight-600\" style=\"color: #8a99c0;\">+90 000-000-000<\/span><\/p>\n<\/div><div class=\"bauer-text clearfix\" style=\"color:#f2f2f2;\"><p><span class=\"font-weight-500 text-white\">E-posta<\/span><br \/>\n<span class=\"fas fa-envelope text-accent-color\" style=\"padding-right: 5px;\"><\/span> <span class=\"font-weight-600 text-accent-color\">info@soka.design<\/span><\/p>\n<\/div>\n\r\n\t<\/div>\r\n\t\t<\/div>\r\n\t<\/div>\r\n\t<div class=\"bauer-spacer clearfix\" data-desktop=\"0\" data-mobi=\"40\" data-smobi=\"40\"><\/div><\/div><\/div><\/div><div class=\"wpb_column vc_column_container vc_col-sm-6\"><div class=\"vc_column-inner\"><div class=\"wpb_wrapper\"><div class=\"bauer-content-box clearfix\" data-padding=\"53px 35px 60px 35px\" data-mobipadding=\"50px 35px 50px 35px\" data-margin=\"\" data-mobimargin=\"\" >\r\n\t\t<div class=\"inner ctb-519124501\" style=\"\"  data-background=\"#f7f9fa\" data-rounded=\"5px\" data-border-width=\"1px\">\r\n\t\t\t<div class=\"bauer-headings clearfix text-center\" data-font=\"22\" style=\"\"><h2 class=\"heading clearfix\" style=\"margin-bottom:15px;font-size:22px;\">\r\n\t\tProjeniz Hakk\u0131nda Konu\u015fal\u0131m\r\n\t<\/h2><p class=\"sub-heading clearfix\" style=\"font-style:normal;max-width:400px;margin-left: auto; margin-right: auto;\">\r\n\t\tSizden bilgi ald\u0131ktan sonra, projenizi daha ayr\u0131nt\u0131l\u0131 olarak tart\u0131\u015fmak i\u00e7in bir g\u00fcn belirleyece\u011fiz.\r\n\t<\/p><\/div>\r\n\t<div class=\"bauer-spacer clearfix\" data-desktop=\"32\" data-mobi=\"32\" data-smobi=\"32\"><\/div><div role=\"form\" class=\"wpcf7\" id=\"wpcf7-f4437-o1\" lang=\"en-US\" dir=\"ltr\">\n<div class=\"screen-reader-response\"><p role=\"status\" aria-live=\"polite\" aria-atomic=\"true\"><\/p> <ul><\/ul><\/div>\n<form action=\"\/tr\/wp-json\/wp\/v2\/pages\/1339#wpcf7-f4437-o1\" method=\"post\" class=\"wpcf7-form init\" novalidate=\"novalidate\" data-status=\"init\" data-trp-original-action=\"\/tr\/wp-json\/wp\/v2\/pages\/1339#wpcf7-f4437-o1\">\n<div style=\"display: none;\">\n<input type=\"hidden\" name=\"_wpcf7\" value=\"4437\" \/>\n<input type=\"hidden\" name=\"_wpcf7_version\" value=\"5.6.4\" \/>\n<input type=\"hidden\" name=\"_wpcf7_locale\" value=\"en_US\" \/>\n<input type=\"hidden\" name=\"_wpcf7_unit_tag\" value=\"wpcf7-f4437-o1\" \/>\n<input type=\"hidden\" name=\"_wpcf7_container_post\" value=\"0\" \/>\n<input type=\"hidden\" name=\"_wpcf7_posted_data_hash\" value=\"\" \/>\n<\/div>\n<div class=\"cf7-style-1\">\n<div class=\"name-wrap\"><span class=\"wpcf7-form-control-wrap\" data-name=\"your-name\"><input type=\"text\" name=\"your-name\" value=\"\" size=\"40\" class=\"wpcf7-form-control wpcf7-text wpcf7-validates-as-required\" aria-required=\"true\" aria-invalid=\"false\" placeholder=\"Ad Soyad\" \/><\/span><\/div>\n<div class=\"email-wrap\"><span class=\"wpcf7-form-control-wrap\" data-name=\"your-email\"><input type=\"email\" name=\"your-email\" value=\"\" size=\"40\" class=\"wpcf7-form-control wpcf7-text wpcf7-email wpcf7-validates-as-required wpcf7-validates-as-email\" aria-required=\"true\" aria-invalid=\"false\" placeholder=\"E-posta\" \/><\/span><\/div>\n<div class=\"message-wrap\"><span class=\"wpcf7-form-control-wrap\" data-name=\"your-message\"><textarea name=\"your-message\" cols=\"40\" rows=\"10\" class=\"wpcf7-form-control wpcf7-textarea\" aria-invalid=\"false\" placeholder=\"Mesaj\u0131n\u0131z\"><\/textarea><\/span><\/div>\n<div class=\"submit-wrap\"><span><input type=\"submit\" value=\"G\u00f6nder\" class=\"wpcf7-form-control has-spinner wpcf7-submit\" \/><\/span><\/div>\n<\/div>\n<div class=\"wpcf7-response-output\" aria-hidden=\"true\"><\/div><input type=\"hidden\" name=\"trp-form-language\" value=\"tr\"\/><\/form><\/div>\r\n\t\t<\/div>\r\n\t<\/div><\/div><\/div><\/div><\/div><\/div><\/div>\r\n\t<div class=\"bauer-spacer clearfix\" data-desktop=\"100\" data-mobi=\"60\" data-smobi=\"60\"><\/div><\/div><\/div><\/div><\/div><\/div><\/section><\/div>\n<\/section>","protected":false},"excerpt":{"rendered":"Nos coordonn\u00e9es France Adres Emplacement Turquie Adres Emplacement T\u00e9l\u00e9phoner +33 000-000-000 T\u00e9l\u00e9phoner +90 000-000-000 E-mail info@soka.design Parlons de votre projet Apr\u00e8s avoir obtenu des informations de votre part, nous fixerons un moment pour discuter de votre projet plus en d\u00e9tail.","protected":false},"author":1,"featured_media":0,"parent":0,"menu_order":0,"comment_status":"closed","ping_status":"closed","template":"","meta":{"footnotes":""},"class_list":["post-1339","page","type-page","status-publish","hentry"],"_links":{"self":[{"href":"https:\/\/soka.design\/tr\/wp-json\/wp\/v2\/pages\/1339","targetHints":{"allow":["GET"]}}],"collection":[{"href":"https:\/\/soka.design\/tr\/wp-json\/wp\/v2\/pages"}],"about":[{"href":"https:\/\/soka.design\/tr\/wp-json\/wp\/v2\/types\/page"}],"author":[{"embeddable":true,"href":"https:\/\/soka.design\/tr\/wp-json\/wp\/v2\/users\/1"}],"replies":[{"embeddable":true,"href":"https:\/\/soka.design\/tr\/wp-json\/wp\/v2\/comments?post=1339"}],"version-history":[{"count":14,"href":"https:\/\/soka.design\/tr\/wp-json\/wp\/v2\/pages\/1339\/revisions"}],"predecessor-version":[{"id":9366,"href":"https:\/\/soka.design\/tr\/wp-json\/wp\/v2\/pages\/1339\/revisions\/9366"}],"wp:attachment":[{"href":"https:\/\/soka.design\/tr\/wp-json\/wp\/v2\/media?parent=1339"}],"curies":[{"name":"wp","href":"https:\/\/api.w.org\/{rel}","templated":true}]}}